{"id":331,"date":"2025-01-16T22:57:07","date_gmt":"2025-01-16T22:57:07","guid":{"rendered":"https:\/\/www.advances25.solidstate.ipb.ac.rs\/?page_id=331"},"modified":"2025-06-03T09:21:46","modified_gmt":"2025-06-03T09:21:46","slug":"workshops","status":"publish","type":"page","link":"https:\/\/www.advances25.solidstate.ipb.ac.rs\/?page_id=331","title":{"rendered":"Workshops"},"content":{"rendered":"<div id=\"pl-331\"  class=\"panel-layout\" ><div id=\"pg-331-0\"  class=\"panel-grid panel-has-style\" ><div class=\"siteorigin-panels-stretch panel-row-style panel-row-style-for-331-0\" data-stretch-type=\"full-width-stretch\" ><div id=\"pgc-331-0-0\"  class=\"panel-grid-cell\" ><div id=\"panel-331-0-0-0\" class=\"so-panel widget widget_sow-headline panel-first-child panel-last-child\" data-index=\"0\" ><div class=\"so-parallax panel-widget-style panel-widget-style-for-331-0-0-0\" ><img fetchpriority=\"high\" decoding=\"async\" width=\"1853\" height=\"2560\" src=\"https:\/\/www.advances25.solidstate.ipb.ac.rs\/wp-content\/uploads\/2025\/01\/advancesbg-scaled.jpeg\" class=\"attachment-full size-full\" alt=\"\" data-siteorigin-parallax=\"true\" loading=\"eager\" srcset=\"https:\/\/www.advances25.solidstate.ipb.ac.rs\/wp-content\/uploads\/2025\/01\/advancesbg-scaled.jpeg 1853w, https:\/\/www.advances25.solidstate.ipb.ac.rs\/wp-content\/uploads\/2025\/01\/advancesbg-217x300.jpeg 217w, https:\/\/www.advances25.solidstate.ipb.ac.rs\/wp-content\/uploads\/2025\/01\/advancesbg-741x1024.jpeg 741w, https:\/\/www.advances25.solidstate.ipb.ac.rs\/wp-content\/uploads\/2025\/01\/advancesbg-768x1061.jpeg 768w, https:\/\/www.advances25.solidstate.ipb.ac.rs\/wp-content\/uploads\/2025\/01\/advancesbg-1112x1536.jpeg 1112w, https:\/\/www.advances25.solidstate.ipb.ac.rs\/wp-content\/uploads\/2025\/01\/advancesbg-1482x2048.jpeg 1482w\" sizes=\"(max-width: 1853px) 100vw, 1853px\" \/><div\n\t\t\t\n\t\t\tclass=\"so-widget-sow-headline so-widget-sow-headline-default-cd0bb50607c5-331\"\n\t\t\t\n\t\t><div class=\"sow-headline-container \">\n\t\t\t\t\t\t\t<h2 class=\"sow-headline\">\n\t\t\t\t\t\tWorkshops\t\t\t\t\t\t<\/h2>\n\t\t\t\t\t\t\t\t\t\t\t<div class=\"decoration\">\n\t\t\t\t\t\t<div class=\"decoration-inside\"><\/div>\n\t\t\t\t\t<\/div>\n\t\t\t\t\t<\/div>\n<\/div><\/div><\/div><\/div><\/div><\/div><div id=\"pg-331-1\"  class=\"panel-grid panel-has-style\" ><div class=\"panel-row-style panel-row-style-for-331-1\" ><div id=\"pgc-331-1-0\"  class=\"panel-grid-cell\" ><div id=\"panel-331-1-0-0\" class=\"so-panel widget widget_sow-editor panel-first-child panel-last-child\" data-index=\"1\" ><div\n\t\t\t\n\t\t\tclass=\"so-widget-sow-editor so-widget-sow-editor-base\"\n\t\t\t\n\t\t>\n<div class=\"siteorigin-widget-tinymce textwidget\">\n\t<h3>We are excited to offer five engaging and informative workshops as part of Advances.... Each workshop is designed to provide deep insights into specific topics and encourage active participation from all attendees. Below is a brief overview of the workshops available and link to dedicated pages:<\/h3>\n<\/div>\n<\/div><\/div><\/div><\/div><\/div><div id=\"pg-331-2\"  class=\"panel-grid panel-has-style\" ><div class=\"siteorigin-panels-stretch panel-row-style panel-row-style-for-331-2\" data-stretch-type=\"full\" ><div id=\"pgc-331-2-0\"  class=\"panel-grid-cell\" ><div id=\"panel-331-2-0-0\" class=\"so-panel widget widget_sow-headline panel-first-child panel-last-child\" data-index=\"2\" ><div\n\t\t\t\n\t\t\tclass=\"so-widget-sow-headline so-widget-sow-headline-default-410fd52a1ca5-331\"\n\t\t\t\n\t\t><div class=\"sow-headline-container \">\n\t\t\t\t\t\t\t<h2 class=\"sow-headline\">\n\t\t\t\t\t\tWorkshop 1: Quantum phases and ordering \t\t\t\t\t\t<\/h2>\n\t\t\t\t\t\t\t\t\t\t\t\t<h3 class=\"sow-sub-headline\">\n\t\t\t\t\t\t Chair:  Ana Milosavljevic (IPB)\t\t\t\t\t\t<\/h3>\n\t\t\t\t\t\t<\/div>\n<\/div><\/div><\/div><div id=\"pgc-331-2-1\"  class=\"panel-grid-cell\" ><div id=\"panel-331-2-1-0\" class=\"so-panel widget widget_sow-headline panel-first-child panel-last-child\" data-index=\"3\" ><div\n\t\t\t\n\t\t\tclass=\"so-widget-sow-headline so-widget-sow-headline-default-410fd52a1ca5-331\"\n\t\t\t\n\t\t><div class=\"sow-headline-container \">\n\t\t\t\t\t\t\t<h2 class=\"sow-headline\">\n\t\t\t\t\t\tWorkshop 2: Advanced Materials in Cultural Heritage Protection \t\t\t\t\t\t<\/h2>\n\t\t\t\t\t\t\t\t\t\t\t\t<h3 class=\"sow-sub-headline\">\n\t\t\t\t\t\tChair:  Tijana Tomasevic-Ilic (IPB)\t\t\t\t\t\t<\/h3>\n\t\t\t\t\t\t<\/div>\n<\/div><\/div><\/div><div id=\"pgc-331-2-2\"  class=\"panel-grid-cell\" ><div id=\"panel-331-2-2-0\" class=\"so-panel widget widget_sow-headline panel-first-child panel-last-child\" data-index=\"4\" ><div\n\t\t\t\n\t\t\tclass=\"so-widget-sow-headline so-widget-sow-headline-default-410fd52a1ca5-331\"\n\t\t\t\n\t\t><div class=\"sow-headline-container \">\n\t\t\t\t\t\t\t<h2 class=\"sow-headline\">\n\t\t\t\t\t\tWorkshop 3: Bioaerosols and nanoaerosols: interdisciplinary approaches in microbiology \t\t\t\t\t\t<\/h2>\n\t\t\t\t\t\t\t\t\t\t\t\t<h3 class=\"sow-sub-headline\">\n\t\t\t\t\t\tChairs:  Predrag Kolarz (IPB)  Irena Aran\u0111elovi\u0107 (University of Belgrade- Faculty of Medicine)\t\t\t\t\t\t<\/h3>\n\t\t\t\t\t\t<\/div>\n<\/div><\/div><\/div><div id=\"pgc-331-2-3\"  class=\"panel-grid-cell\" ><div id=\"panel-331-2-3-0\" class=\"so-panel widget widget_sow-headline panel-first-child panel-last-child\" data-index=\"5\" ><div\n\t\t\t\n\t\t\tclass=\"so-widget-sow-headline so-widget-sow-headline-default-410fd52a1ca5-331\"\n\t\t\t\n\t\t><div class=\"sow-headline-container \">\n\t\t\t\t\t\t\t<h2 class=\"sow-headline\">\n\t\t\t\t\t\tWorkshop 4: Computational analysis and modeling of biological materials \t\t\t\t\t\t<\/h2>\n\t\t\t\t\t\t\t\t\t\t\t\t<h3 class=\"sow-sub-headline\">\n\t\t\t\t\t\tChairs:  An\u0111elija Ili\u0107 (IPB)  Tijana \u0160tajner (Institute for Medical Research, University of Belgrade)\t\t\t\t\t\t<\/h3>\n\t\t\t\t\t\t<\/div>\n<\/div><\/div><\/div><div id=\"pgc-331-2-4\"  class=\"panel-grid-cell\" ><div id=\"panel-331-2-4-0\" class=\"so-panel widget widget_sow-headline panel-first-child panel-last-child\" data-index=\"6\" ><div\n\t\t\t\n\t\t\tclass=\"so-widget-sow-headline so-widget-sow-headline-default-410fd52a1ca5-331\"\n\t\t\t\n\t\t><div class=\"sow-headline-container \">\n\t\t\t\t\t\t\t<h2 class=\"sow-headline\">\n\t\t\t\t\t\tWorkshop 5: Research opportunities at large scale user facilities \t\t\t\t\t\t<\/h2>\n\t\t\t\t\t\t\t\t\t\t\t\t<h3 class=\"sow-sub-headline\">\n\t\t\t\t\t\tChairs:  Emil Bo\u017ein (IPB) and  Du\u0161an Bo\u017eani\u0107 (Vin\u010da Institute of Nuclear Sciences) \t\t\t\t\t\t<\/h3>\n\t\t\t\t\t\t<\/div>\n<\/div><\/div><\/div><\/div><\/div><div id=\"pg-331-3\"  class=\"panel-grid panel-has-style\" ><div class=\"siteorigin-panels-stretch panel-row-style panel-row-style-for-331-3\" data-stretch-type=\"full\" ><div id=\"pgc-331-3-0\"  class=\"panel-grid-cell\" ><div id=\"panel-331-3-0-0\" class=\"so-panel widget widget_sow-image panel-first-child\" data-index=\"7\" ><div\n\t\t\t\n\t\t\tclass=\"so-widget-sow-image so-widget-sow-image-default-8b5b6f678277-331\"\n\t\t\t\n\t\t>\n\n<div class=\"sow-image-container\">\n\t\t<img loading=\"lazy\" decoding=\"async\" src=\"https:\/\/www.advances25.solidstate.ipb.ac.rs\/wp-content\/uploads\/2025\/03\/dynamiqs.png\" width=\"500\" height=\"500\" srcset=\"https:\/\/www.advances25.solidstate.ipb.ac.rs\/wp-content\/uploads\/2025\/03\/dynamiqs.png 500w, https:\/\/www.advances25.solidstate.ipb.ac.rs\/wp-content\/uploads\/2025\/03\/dynamiqs-300x300.png 300w, https:\/\/www.advances25.solidstate.ipb.ac.rs\/wp-content\/uploads\/2025\/03\/dynamiqs-150x150.png 150w, https:\/\/www.advances25.solidstate.ipb.ac.rs\/wp-content\/uploads\/2025\/03\/dynamiqs-375x375.png 375w, https:\/\/www.advances25.solidstate.ipb.ac.rs\/wp-content\/uploads\/2025\/03\/dynamiqs-216x216.png 216w\" sizes=\"auto, (max-width: 500px) 100vw, 500px\" alt=\"\" \t\tclass=\"so-widget-image\"\/>\n\t<\/div>\n\n<\/div><\/div><div id=\"panel-331-3-0-1\" class=\"so-panel widget widget_sow-button panel-last-child\" data-index=\"8\" ><div\n\t\t\t\n\t\t\tclass=\"so-widget-sow-button so-widget-sow-button-flat-66466acb9e12-331\"\n\t\t\t\n\t\t><div class=\"ow-button-base ow-button-align-center\">\n\t\t\t<a\n\t\t\t\t\thref=\"https:\/\/www.advances25.solidstate.ipb.ac.rs\/?page_id=791&#038;preview=true\"\n\t\t\t\t\tclass=\"sowb-button ow-icon-placement-left ow-button-hover\" \t>\n\t\t<span>\n\t\t\t\n\t\t\tWORKSHOP PAGE\t\t<\/span>\n\t\t\t<\/a>\n\t<\/div>\n<\/div><\/div><\/div><div id=\"pgc-331-3-1\"  class=\"panel-grid-cell\" ><div id=\"panel-331-3-1-0\" class=\"so-panel widget widget_sow-image panel-first-child\" data-index=\"9\" ><div\n\t\t\t\n\t\t\tclass=\"so-widget-sow-image so-widget-sow-image-default-8b5b6f678277-331\"\n\t\t\t\n\t\t>\n\n<div class=\"sow-image-container\">\n\t\t<img loading=\"lazy\" decoding=\"async\" src=\"https:\/\/www.advances25.solidstate.ipb.ac.rs\/wp-content\/uploads\/2025\/06\/HeriProLogo_01.png\" width=\"500\" height=\"288\" srcset=\"https:\/\/www.advances25.solidstate.ipb.ac.rs\/wp-content\/uploads\/2025\/06\/HeriProLogo_01.png 500w, https:\/\/www.advances25.solidstate.ipb.ac.rs\/wp-content\/uploads\/2025\/06\/HeriProLogo_01-300x173.png 300w\" sizes=\"auto, (max-width: 500px) 100vw, 500px\" alt=\"\" \t\tclass=\"so-widget-image\"\/>\n\t<\/div>\n\n<\/div><\/div><div id=\"panel-331-3-1-1\" class=\"so-panel widget widget_sow-button panel-last-child\" data-index=\"10\" ><div\n\t\t\t\n\t\t\tclass=\"so-widget-sow-button so-widget-sow-button-flat-66466acb9e12-331\"\n\t\t\t\n\t\t><div class=\"ow-button-base ow-button-align-center\">\n\t\t\t<a\n\t\t\t\t\thref=\"https:\/\/www.advances25.solidstate.ipb.ac.rs\/?page_id=1058\"\n\t\t\t\t\tclass=\"sowb-button ow-icon-placement-left ow-button-hover\" \t>\n\t\t<span>\n\t\t\t\n\t\t\tWORKSHOP PAGE\t\t<\/span>\n\t\t\t<\/a>\n\t<\/div>\n<\/div><\/div><\/div><div id=\"pgc-331-3-2\"  class=\"panel-grid-cell\" ><div id=\"panel-331-3-2-0\" class=\"so-panel widget widget_sow-image panel-first-child\" data-index=\"11\" ><div\n\t\t\t\n\t\t\tclass=\"so-widget-sow-image so-widget-sow-image-default-8b5b6f678277-331\"\n\t\t\t\n\t\t>\n\n<div class=\"sow-image-container\">\n\t\t<img loading=\"lazy\" decoding=\"async\" src=\"https:\/\/www.advances25.solidstate.ipb.ac.rs\/wp-content\/uploads\/2025\/03\/ws3.jpg\" width=\"383\" height=\"160\" srcset=\"https:\/\/www.advances25.solidstate.ipb.ac.rs\/wp-content\/uploads\/2025\/03\/ws3.jpg 383w, https:\/\/www.advances25.solidstate.ipb.ac.rs\/wp-content\/uploads\/2025\/03\/ws3-300x125.jpg 300w\" sizes=\"auto, (max-width: 383px) 100vw, 383px\" alt=\"\" \t\tclass=\"so-widget-image\"\/>\n\t<\/div>\n\n<\/div><\/div><div id=\"panel-331-3-2-1\" class=\"so-panel widget widget_sow-button panel-last-child\" data-index=\"12\" ><div\n\t\t\t\n\t\t\tclass=\"so-widget-sow-button so-widget-sow-button-flat-66466acb9e12-331\"\n\t\t\t\n\t\t><div class=\"ow-button-base ow-button-align-center\">\n\t\t\t<a\n\t\t\t\t\thref=\"https:\/\/www.advances25.solidstate.ipb.ac.rs\/?page_id=702\"\n\t\t\t\t\tclass=\"sowb-button ow-icon-placement-left ow-button-hover\" \t>\n\t\t<span>\n\t\t\t\n\t\t\tWORKSHOP PAGE\t\t<\/span>\n\t\t\t<\/a>\n\t<\/div>\n<\/div><\/div><\/div><div id=\"pgc-331-3-3\"  class=\"panel-grid-cell\" ><div id=\"panel-331-3-3-0\" class=\"so-panel widget widget_sow-image panel-first-child\" data-index=\"13\" ><div\n\t\t\t\n\t\t\tclass=\"so-widget-sow-image so-widget-sow-image-default-8b5b6f678277-331\"\n\t\t\t\n\t\t>\n\n<div class=\"sow-image-container\">\n\t\t<img loading=\"lazy\" decoding=\"async\" src=\"https:\/\/www.advances25.solidstate.ipb.ac.rs\/wp-content\/uploads\/2025\/03\/toxoretreat.png\" width=\"745\" height=\"196\" srcset=\"https:\/\/www.advances25.solidstate.ipb.ac.rs\/wp-content\/uploads\/2025\/03\/toxoretreat.png 745w, https:\/\/www.advances25.solidstate.ipb.ac.rs\/wp-content\/uploads\/2025\/03\/toxoretreat-300x79.png 300w\" sizes=\"auto, (max-width: 745px) 100vw, 745px\" alt=\"\" \t\tclass=\"so-widget-image\"\/>\n\t<\/div>\n\n<\/div><\/div><div id=\"panel-331-3-3-1\" class=\"so-panel widget widget_sow-button panel-last-child\" data-index=\"14\" ><div\n\t\t\t\n\t\t\tclass=\"so-widget-sow-button so-widget-sow-button-flat-66466acb9e12-331\"\n\t\t\t\n\t\t><div class=\"ow-button-base ow-button-align-center\">\n\t\t\t<a\n\t\t\t\t\thref=\"https:\/\/www.advances25.solidstate.ipb.ac.rs\/?page_id=757\"\n\t\t\t\t\tclass=\"sowb-button ow-icon-placement-left ow-button-hover\" \t>\n\t\t<span>\n\t\t\t\n\t\t\tWORKSHOP PAGE\t\t<\/span>\n\t\t\t<\/a>\n\t<\/div>\n<\/div><\/div><\/div><div id=\"pgc-331-3-4\"  class=\"panel-grid-cell\" ><div id=\"panel-331-3-4-0\" class=\"so-panel widget widget_sow-image panel-first-child\" data-index=\"15\" ><div\n\t\t\t\n\t\t\tclass=\"so-widget-sow-image so-widget-sow-image-default-8b5b6f678277-331\"\n\t\t\t\n\t\t>\n\n<div class=\"sow-image-container\">\n\t\t<img loading=\"lazy\" decoding=\"async\" src=\"https:\/\/www.advances25.solidstate.ipb.ac.rs\/wp-content\/uploads\/2025\/01\/advances-logo.png\" width=\"506\" height=\"416\" srcset=\"https:\/\/www.advances25.solidstate.ipb.ac.rs\/wp-content\/uploads\/2025\/01\/advances-logo.png 506w, https:\/\/www.advances25.solidstate.ipb.ac.rs\/wp-content\/uploads\/2025\/01\/advances-logo-300x247.png 300w\" sizes=\"auto, (max-width: 506px) 100vw, 506px\" title=\"advances logo\" alt=\"\" \t\tclass=\"so-widget-image\"\/>\n\t<\/div>\n\n<\/div><\/div><div id=\"panel-331-3-4-1\" class=\"so-panel widget widget_sow-button panel-last-child\" data-index=\"16\" ><div\n\t\t\t\n\t\t\tclass=\"so-widget-sow-button so-widget-sow-button-flat-66466acb9e12-331\"\n\t\t\t\n\t\t><div class=\"ow-button-base ow-button-align-center\">\n\t\t\t<a\n\t\t\t\t\thref=\"https:\/\/www.advances25.solidstate.ipb.ac.rs\/?page_id=659\"\n\t\t\t\t\tclass=\"sowb-button ow-icon-placement-left ow-button-hover\" \t>\n\t\t<span>\n\t\t\t\n\t\t\tWORKSHOP PAGE\t\t<\/span>\n\t\t\t<\/a>\n\t<\/div>\n<\/div><\/div><\/div><\/div><\/div><\/div>","protected":false},"excerpt":{"rendered":"<p>We are excited to offer five engaging and informative workshops as part of Advances&#8230;. Each workshop is designed to provide deep insights into specific topics and encourage active participation from all attendees. Below is a brief overview of the workshops available and link to dedicated pages:<\/p>\n","protected":false},"author":1,"featured_media":0,"parent":0,"menu_order":0,"comment_status":"closed","ping_status":"closed","template":"","meta":{"footnotes":""},"class_list":["post-331","page","type-page","status-publish","hentry","post"],"yoast_head":"<!-- This site is optimized with the Yoast SEO plugin v24.4 - https:\/\/yoast.com\/wordpress\/plugins\/seo\/ -->\n<title>Workshops - Advances in Solid State Physics and New Materials 2025<\/title>\n<meta name=\"robots\" content=\"index, follow, max-snippet:-1, max-image-preview:large, max-video-preview:-1\" \/>\n<link rel=\"canonical\" href=\"https:\/\/www.advances25.solidstate.ipb.ac.rs\/?page_id=331\" \/>\n<meta property=\"og:locale\" content=\"en_US\" \/>\n<meta property=\"og:type\" content=\"article\" \/>\n<meta property=\"og:title\" content=\"Workshops - Advances in Solid State Physics and New Materials 2025\" \/>\n<meta property=\"og:description\" content=\"We are excited to offer five engaging and informative workshops as part of Advances.... Each workshop is designed to provide deep insights into specific topics and encourage active participation from all attendees. Below is a brief overview of the workshops available and link to dedicated pages:\" \/>\n<meta property=\"og:url\" content=\"https:\/\/www.advances25.solidstate.ipb.ac.rs\/?page_id=331\" \/>\n<meta property=\"og:site_name\" content=\"Advances in Solid State Physics and New Materials 2025\" \/>\n<meta property=\"article:modified_time\" content=\"2025-06-03T09:21:46+00:00\" \/>\n<meta property=\"og:image\" content=\"https:\/\/www.advances25.solidstate.ipb.ac.rs\/wp-content\/uploads\/2025\/01\/advancesbg-scaled.jpeg\" \/>\n<meta name=\"twitter:card\" content=\"summary_large_image\" \/>\n<meta name=\"twitter:label1\" content=\"Est. reading time\" \/>\n\t<meta name=\"twitter:data1\" content=\"2 minutes\" \/>\n<script type=\"application\/ld+json\" class=\"yoast-schema-graph\">{\"@context\":\"https:\/\/schema.org\",\"@graph\":[{\"@type\":\"WebPage\",\"@id\":\"https:\/\/www.advances25.solidstate.ipb.ac.rs\/?page_id=331\",\"url\":\"https:\/\/www.advances25.solidstate.ipb.ac.rs\/?page_id=331\",\"name\":\"Workshops - Advances in Solid State Physics and New Materials 2025\",\"isPartOf\":{\"@id\":\"https:\/\/www.advances25.solidstate.ipb.ac.rs\/#website\"},\"primaryImageOfPage\":{\"@id\":\"https:\/\/www.advances25.solidstate.ipb.ac.rs\/?page_id=331#primaryimage\"},\"image\":{\"@id\":\"https:\/\/www.advances25.solidstate.ipb.ac.rs\/?page_id=331#primaryimage\"},\"thumbnailUrl\":\"https:\/\/www.advances25.solidstate.ipb.ac.rs\/wp-content\/uploads\/2025\/01\/advancesbg-scaled.jpeg\",\"datePublished\":\"2025-01-16T22:57:07+00:00\",\"dateModified\":\"2025-06-03T09:21:46+00:00\",\"breadcrumb\":{\"@id\":\"https:\/\/www.advances25.solidstate.ipb.ac.rs\/?page_id=331#breadcrumb\"},\"inLanguage\":\"en-US\",\"potentialAction\":[{\"@type\":\"ReadAction\",\"target\":[\"https:\/\/www.advances25.solidstate.ipb.ac.rs\/?page_id=331\"]}]},{\"@type\":\"ImageObject\",\"inLanguage\":\"en-US\",\"@id\":\"https:\/\/www.advances25.solidstate.ipb.ac.rs\/?page_id=331#primaryimage\",\"url\":\"https:\/\/www.advances25.solidstate.ipb.ac.rs\/wp-content\/uploads\/2025\/01\/advancesbg-scaled.jpeg\",\"contentUrl\":\"https:\/\/www.advances25.solidstate.ipb.ac.rs\/wp-content\/uploads\/2025\/01\/advancesbg-scaled.jpeg\",\"width\":1853,\"height\":2560},{\"@type\":\"BreadcrumbList\",\"@id\":\"https:\/\/www.advances25.solidstate.ipb.ac.rs\/?page_id=331#breadcrumb\",\"itemListElement\":[{\"@type\":\"ListItem\",\"position\":1,\"name\":\"Home\",\"item\":\"https:\/\/www.advances25.solidstate.ipb.ac.rs\/\"},{\"@type\":\"ListItem\",\"position\":2,\"name\":\"Workshops\"}]},{\"@type\":\"WebSite\",\"@id\":\"https:\/\/www.advances25.solidstate.ipb.ac.rs\/#website\",\"url\":\"https:\/\/www.advances25.solidstate.ipb.ac.rs\/\",\"name\":\"Advances in Solid State Physics and New Materials 2025\",\"description\":\"\",\"publisher\":{\"@id\":\"https:\/\/www.advances25.solidstate.ipb.ac.rs\/#organization\"},\"potentialAction\":[{\"@type\":\"SearchAction\",\"target\":{\"@type\":\"EntryPoint\",\"urlTemplate\":\"https:\/\/www.advances25.solidstate.ipb.ac.rs\/?s={search_term_string}\"},\"query-input\":{\"@type\":\"PropertyValueSpecification\",\"valueRequired\":true,\"valueName\":\"search_term_string\"}}],\"inLanguage\":\"en-US\"},{\"@type\":\"Organization\",\"@id\":\"https:\/\/www.advances25.solidstate.ipb.ac.rs\/#organization\",\"name\":\"Advances in Solid State Physics and New Materials 2025\",\"url\":\"https:\/\/www.advances25.solidstate.ipb.ac.rs\/\",\"logo\":{\"@type\":\"ImageObject\",\"inLanguage\":\"en-US\",\"@id\":\"https:\/\/www.advances25.solidstate.ipb.ac.rs\/#\/schema\/logo\/image\/\",\"url\":\"https:\/\/www.advances25.solidstate.ipb.ac.rs\/wp-content\/uploads\/2025\/01\/cropped-cropped-advances-logo.png\",\"contentUrl\":\"https:\/\/www.advances25.solidstate.ipb.ac.rs\/wp-content\/uploads\/2025\/01\/cropped-cropped-advances-logo.png\",\"width\":512,\"height\":512,\"caption\":\"Advances in Solid State Physics and New Materials 2025\"},\"image\":{\"@id\":\"https:\/\/www.advances25.solidstate.ipb.ac.rs\/#\/schema\/logo\/image\/\"}}]}<\/script>\n<!-- \/ Yoast SEO plugin. -->","yoast_head_json":{"title":"Workshops - Advances in Solid State Physics and New Materials 2025","robots":{"index":"index","follow":"follow","max-snippet":"max-snippet:-1","max-image-preview":"max-image-preview:large","max-video-preview":"max-video-preview:-1"},"canonical":"https:\/\/www.advances25.solidstate.ipb.ac.rs\/?page_id=331","og_locale":"en_US","og_type":"article","og_title":"Workshops - Advances in Solid State Physics and New Materials 2025","og_description":"We are excited to offer five engaging and informative workshops as part of Advances.... Each workshop is designed to provide deep insights into specific topics and encourage active participation from all attendees. Below is a brief overview of the workshops available and link to dedicated pages:","og_url":"https:\/\/www.advances25.solidstate.ipb.ac.rs\/?page_id=331","og_site_name":"Advances in Solid State Physics and New Materials 2025","article_modified_time":"2025-06-03T09:21:46+00:00","og_image":[{"url":"https:\/\/www.advances25.solidstate.ipb.ac.rs\/wp-content\/uploads\/2025\/01\/advancesbg-scaled.jpeg","type":"","width":"","height":""}],"twitter_card":"summary_large_image","twitter_misc":{"Est. reading time":"2 minutes"},"schema":{"@context":"https:\/\/schema.org","@graph":[{"@type":"WebPage","@id":"https:\/\/www.advances25.solidstate.ipb.ac.rs\/?page_id=331","url":"https:\/\/www.advances25.solidstate.ipb.ac.rs\/?page_id=331","name":"Workshops - Advances in Solid State Physics and New Materials 2025","isPartOf":{"@id":"https:\/\/www.advances25.solidstate.ipb.ac.rs\/#website"},"primaryImageOfPage":{"@id":"https:\/\/www.advances25.solidstate.ipb.ac.rs\/?page_id=331#primaryimage"},"image":{"@id":"https:\/\/www.advances25.solidstate.ipb.ac.rs\/?page_id=331#primaryimage"},"thumbnailUrl":"https:\/\/www.advances25.solidstate.ipb.ac.rs\/wp-content\/uploads\/2025\/01\/advancesbg-scaled.jpeg","datePublished":"2025-01-16T22:57:07+00:00","dateModified":"2025-06-03T09:21:46+00:00","breadcrumb":{"@id":"https:\/\/www.advances25.solidstate.ipb.ac.rs\/?page_id=331#breadcrumb"},"inLanguage":"en-US","potentialAction":[{"@type":"ReadAction","target":["https:\/\/www.advances25.solidstate.ipb.ac.rs\/?page_id=331"]}]},{"@type":"ImageObject","inLanguage":"en-US","@id":"https:\/\/www.advances25.solidstate.ipb.ac.rs\/?page_id=331#primaryimage","url":"https:\/\/www.advances25.solidstate.ipb.ac.rs\/wp-content\/uploads\/2025\/01\/advancesbg-scaled.jpeg","contentUrl":"https:\/\/www.advances25.solidstate.ipb.ac.rs\/wp-content\/uploads\/2025\/01\/advancesbg-scaled.jpeg","width":1853,"height":2560},{"@type":"BreadcrumbList","@id":"https:\/\/www.advances25.solidstate.ipb.ac.rs\/?page_id=331#breadcrumb","itemListElement":[{"@type":"ListItem","position":1,"name":"Home","item":"https:\/\/www.advances25.solidstate.ipb.ac.rs\/"},{"@type":"ListItem","position":2,"name":"Workshops"}]},{"@type":"WebSite","@id":"https:\/\/www.advances25.solidstate.ipb.ac.rs\/#website","url":"https:\/\/www.advances25.solidstate.ipb.ac.rs\/","name":"Advances in Solid State Physics and New Materials 2025","description":"","publisher":{"@id":"https:\/\/www.advances25.solidstate.ipb.ac.rs\/#organization"},"potentialAction":[{"@type":"SearchAction","target":{"@type":"EntryPoint","urlTemplate":"https:\/\/www.advances25.solidstate.ipb.ac.rs\/?s={search_term_string}"},"query-input":{"@type":"PropertyValueSpecification","valueRequired":true,"valueName":"search_term_string"}}],"inLanguage":"en-US"},{"@type":"Organization","@id":"https:\/\/www.advances25.solidstate.ipb.ac.rs\/#organization","name":"Advances in Solid State Physics and New Materials 2025","url":"https:\/\/www.advances25.solidstate.ipb.ac.rs\/","logo":{"@type":"ImageObject","inLanguage":"en-US","@id":"https:\/\/www.advances25.solidstate.ipb.ac.rs\/#\/schema\/logo\/image\/","url":"https:\/\/www.advances25.solidstate.ipb.ac.rs\/wp-content\/uploads\/2025\/01\/cropped-cropped-advances-logo.png","contentUrl":"https:\/\/www.advances25.solidstate.ipb.ac.rs\/wp-content\/uploads\/2025\/01\/cropped-cropped-advances-logo.png","width":512,"height":512,"caption":"Advances in Solid State Physics and New Materials 2025"},"image":{"@id":"https:\/\/www.advances25.solidstate.ipb.ac.rs\/#\/schema\/logo\/image\/"}}]}},"_links":{"self":[{"href":"https:\/\/www.advances25.solidstate.ipb.ac.rs\/index.php?rest_route=\/wp\/v2\/pages\/331","targetHints":{"allow":["GET"]}}],"collection":[{"href":"https:\/\/www.advances25.solidstate.ipb.ac.rs\/index.php?rest_route=\/wp\/v2\/pages"}],"about":[{"href":"https:\/\/www.advances25.solidstate.ipb.ac.rs\/index.php?rest_route=\/wp\/v2\/types\/page"}],"author":[{"embeddable":true,"href":"https:\/\/www.advances25.solidstate.ipb.ac.rs\/index.php?rest_route=\/wp\/v2\/users\/1"}],"replies":[{"embeddable":true,"href":"https:\/\/www.advances25.solidstate.ipb.ac.rs\/index.php?rest_route=%2Fwp%2Fv2%2Fcomments&post=331"}],"version-history":[{"count":27,"href":"https:\/\/www.advances25.solidstate.ipb.ac.rs\/index.php?rest_route=\/wp\/v2\/pages\/331\/revisions"}],"predecessor-version":[{"id":1065,"href":"https:\/\/www.advances25.solidstate.ipb.ac.rs\/index.php?rest_route=\/wp\/v2\/pages\/331\/revisions\/1065"}],"wp:attachment":[{"href":"https:\/\/www.advances25.solidstate.ipb.ac.rs\/index.php?rest_route=%2Fwp%2Fv2%2Fmedia&parent=331"}],"curies":[{"name":"wp","href":"https:\/\/api.w.org\/{rel}","templated":true}]}}